{"id":42,"date":"2019-08-19T15:35:12","date_gmt":"2019-08-19T13:35:12","guid":{"rendered":"http:\/\/atelier-numerique-er2c-toulouse.fr\/fablab\/?page_id=42"},"modified":"2021-11-24T11:55:08","modified_gmt":"2021-11-24T10:55:08","slug":"presentation","status":"publish","type":"page","link":"https:\/\/atelier-numerique-er2c-toulouse.fr\/fablab\/?page_id=42","title":{"rendered":"Pr\u00e9sentation"},"content":{"rendered":"\n<h2>L&rsquo;<strong><em>A<\/em><\/strong><em>telier <\/em><strong>C<\/strong><em>oncevoir et <\/em><strong><em>R<\/em><\/strong><em>\u00e9aliser en <\/em><strong><em>A<\/em><\/strong><em>pprenant<\/em> par la <strong>M<\/strong>ise en <strong>O<\/strong>euvre d&rsquo;une <strong>R<\/strong>\u00e9flexion  <strong>U<\/strong>tile et <strong>E<\/strong>fficace  <br><\/h2>\n\n\n\n<p class=\"has-background\" style=\"background-color:#e88800\">de <a href=\"http:\/\/www.er2c-mip.com\/\">l\u2019\u00c9cole R\u00e9gionale de la Deuxi\u00e8me Chance de Toulouse<\/a> a pour objectif de proposer \u00e0 nos \u00e9l\u00e8ves une p\u00e9dagogie active bas\u00e9e sur la conduite de projets, individuels ou en petits groupes, en s&rsquo;appuyant sur les technologies de la <a href=\"https:\/\/fr.wikipedia.org\/wiki\/Mod%C3%A9lisation_tridimensionnelle\">mod\u00e9lisation<\/a> et <a href=\"https:\/\/fr.wikipedia.org\/wiki\/Impression_3D\">l&rsquo;impression 3D<\/a>, de l&rsquo;<a href=\"https:\/\/www.arduino.cc\/\">Arduino<\/a>, <a href=\"https:\/\/www.algora.school\/\">robotique<\/a>, codage, domotique..<\/p>\n\n\n\n<p class=\"has-black-color has-text-color has-background\" style=\"background-color:#e88800\">Cet atelier permet de r\u00e9v\u00e9ler chez nos \u00e9l\u00e8ves des comp\u00e9tences et \/ ou des aptitudes qui leur permettent de s&rsquo;orienter vers les m\u00e9tiers du num\u00e9rique ou de l&rsquo;industrie.<\/p>\n\n\n\n<p class=\"has-black-color has-text-color has-background\" style=\"background-color:#e88800\">Ce projet a pu voir le jour gr\u00e2ce \u00e0 une bourse de la Fondation EDF<\/p>\n\n\n\n<p class=\"has-background\" style=\"background-color:#e88800\">Cet atelier est ouvert \u00e0 tous les \u00e9l\u00e8ves de l&rsquo;\u00c9cole, et s&rsquo;adresse en particulier :<\/p>\n\n\n\n<p class=\"has-background\" style=\"background-color:#e88800\">&#8211; aux \u00e9l\u00e8ves souhaitant orienter leur projet professionnel vers les technologies du num\u00e9rique,<\/p>\n\n\n\n<p class=\"has-background\" style=\"background-color:#e88800\">&#8211; aux \u00e9l\u00e8ves curieux de ces technologies, mais qui n&rsquo;envisagent  pas a priori d&rsquo;en faire leur m\u00e9tier,<\/p>\n\n\n\n<p class=\"has-background\" style=\"background-color:#e88800\">&#8211; aux \u00e9l\u00e8ves qui souhaitent progresser en communication, math\u00e9matiques, organisation,  dans un cadre moins scolaire que celui des ateliers de remise \u00e0 niveau.<\/p>\n\n\n\n<p class=\"has-background\" style=\"background-color:#e88800\">&#8211; aux \u00e9l\u00e8ves souhaitant concevoir et r\u00e9aliser un objet d\u00e9j\u00e0 d\u00e9fini  (cadeau personnalis\u00e9, gadget, outil, invention, r\u00e9paration d&rsquo;un appareil endommag\u00e9&#8230;)<\/p>\n\n\n\n<p class=\"has-background\" style=\"background-color:#e88800\">A plus longue \u00e9ch\u00e9ance, une fois par mois, l&rsquo;atelier sera ouvert aux habitants du quartier. Ils seront accueillis par des \u00e9l\u00e8ves volontaires de l&rsquo;\u00c9cole et pourront d\u00e9couvrir les technologies du <em>faire soi m\u00eame<\/em>. A terme, ces sessions pourront permettre aux visiteurs de r\u00e9aliser des pi\u00e8ces d\u00e9tach\u00e9es n\u00e9cessaires \u00e0 la r\u00e9paration d&rsquo;objets ab\u00eem\u00e9s,  en s&rsquo;inscrivant dans une d\u00e9marche de  sensibilisation \u00e0 l&rsquo;\u00e9conomie circulaire et \u00e0 la lutte contre l&rsquo;obsolescence programm\u00e9e.<\/p>\n\n\n\n<h2>Nos imprimantes<\/h2>\n\n\n\n<p>Nous disposons de 4 imprimantes 3D  :<\/p>\n\n\n\n<div class=\"wp-block-image\"><figure class=\"aligncenter is-resized\"><img loading=\"lazy\" src=\"http:\/\/atelier-numerique-er2c-toulouse.fr\/fablab\/wp-content\/uploads\/2019\/08\/imprimante_UpMini2ES.png\" alt=\"\" class=\"wp-image-67\" width=\"200\" height=\"200\" srcset=\"https:\/\/atelier-numerique-er2c-toulouse.fr\/fablab\/wp-content\/uploads\/2019\/08\/imprimante_UpMini2ES.png 800w, https:\/\/atelier-numerique-er2c-toulouse.fr\/fablab\/wp-content\/uploads\/2019\/08\/imprimante_UpMini2ES-150x150.png 150w, https:\/\/atelier-numerique-er2c-toulouse.fr\/fablab\/wp-content\/uploads\/2019\/08\/imprimante_UpMini2ES-300x300.png 300w, https:\/\/atelier-numerique-er2c-toulouse.fr\/fablab\/wp-content\/uploads\/2019\/08\/imprimante_UpMini2ES-768x768.png 768w, https:\/\/atelier-numerique-er2c-toulouse.fr\/fablab\/wp-content\/uploads\/2019\/08\/imprimante_UpMini2ES-100x100.png 100w\" sizes=\"(max-width: 200px) 100vw, 200px\" \/><figcaption>TierTime Up Mini 2 ES <\/figcaption><\/figure><\/div>\n\n\n\n<p class=\"has-background\" style=\"background-color:#e88000\">2 imprimantes <a href=\"https:\/\/www.reprap-france.com\/produit\/1234568816-imprimante-3d-de-bureau-up-mini-2-es\">Up Mini 2 ES<\/a> fabriqu\u00e9e par TierTime. Ces mod\u00e8les permettent de r\u00e9aliser des impressions en PLA et en ABS de tr\u00e8s bonne qualit\u00e9 sans trop se pr\u00e9occuper de r\u00e9glages et de param\u00e9trages. Le volume d&rsquo;impression est de 12cm x 12cm x 12cm. Le tranchage et le pilotage se font via le logiciel Up Studio. De plus, l&rsquo;impression se fait dans une enceinte close, ce qui permet une utilisation  s\u00e9curis\u00e9e  de ce mod\u00e8le dans un environnement accessible au public.<\/p>\n\n\n\n<div class=\"wp-block-image\"><figure class=\"aligncenter is-resized\"><img loading=\"lazy\" src=\"http:\/\/atelier-numerique-er2c-toulouse.fr\/fablab\/wp-content\/uploads\/2019\/08\/metal-motion.png\" alt=\"\" class=\"wp-image-65\" width=\"200\" height=\"200\" srcset=\"https:\/\/atelier-numerique-er2c-toulouse.fr\/fablab\/wp-content\/uploads\/2019\/08\/metal-motion.png 800w, https:\/\/atelier-numerique-er2c-toulouse.fr\/fablab\/wp-content\/uploads\/2019\/08\/metal-motion-150x150.png 150w, https:\/\/atelier-numerique-er2c-toulouse.fr\/fablab\/wp-content\/uploads\/2019\/08\/metal-motion-300x300.png 300w, https:\/\/atelier-numerique-er2c-toulouse.fr\/fablab\/wp-content\/uploads\/2019\/08\/metal-motion-768x768.png 768w, https:\/\/atelier-numerique-er2c-toulouse.fr\/fablab\/wp-content\/uploads\/2019\/08\/metal-motion-100x100.png 100w\" sizes=\"(max-width: 200px) 100vw, 200px\" \/><figcaption>eMotionTech MetalMotion<\/figcaption><\/figure><\/div>\n\n\n\n<p class=\"has-background\" style=\"background-color:#e88000\">Une imprimante <a href=\"https:\/\/www.reprap-france.com\/produit\/1234568760-imprimante-3d-i3-metal-motion\">Metal Motion<\/a> fabriqu\u00e9e par eMotionTech. Cette imprimante simple et robuste a l&rsquo;avantage de proposer un grand volume d&rsquo;impression 20cm x 20cm x 20cm. Elle est cependant peu s\u00e9curis\u00e9e et demande vigilance et attention  constante.<\/p>\n\n\n\n<div class=\"wp-block-image\"><figure class=\"aligncenter is-resized\"><img loading=\"lazy\" src=\"http:\/\/atelier-numerique-er2c-toulouse.fr\/fablab\/wp-content\/uploads\/2019\/08\/EmotionTech-kit-imprimante-3d-MicroDelta-Rework-768x1024.jpg\" alt=\"\" class=\"wp-image-66\" width=\"121\" height=\"162\" srcset=\"https:\/\/atelier-numerique-er2c-toulouse.fr\/fablab\/wp-content\/uploads\/2019\/08\/EmotionTech-kit-imprimante-3d-MicroDelta-Rework-768x1024.jpg 768w, https:\/\/atelier-numerique-er2c-toulouse.fr\/fablab\/wp-content\/uploads\/2019\/08\/EmotionTech-kit-imprimante-3d-MicroDelta-Rework-225x300.jpg 225w, https:\/\/atelier-numerique-er2c-toulouse.fr\/fablab\/wp-content\/uploads\/2019\/08\/EmotionTech-kit-imprimante-3d-MicroDelta-Rework.jpg 1980w\" sizes=\"(max-width: 121px) 100vw, 121px\" \/><figcaption>eMotionTech MicroDelta Rework<br><\/figcaption><\/figure><\/div>\n\n\n\n<p class=\"has-background\" style=\"background-color:#e88000\">Une imprimante <a href=\"https:\/\/www.reprap-france.com\/produit\/1234568773-imprimante-3d-microdelta-rework-prete-a-lemploi\">MicroDelta Rework<\/a>, \u00e9galement fabriqu\u00e9e par eMotionTech. Robuste et rapide. Le volume d&rsquo;impression est un cylindre de 15cm de diam\u00e8tre et 20cm de haut. Comme la MetalMotion, cette imprimante doit \u00eatre param\u00e9tr\u00e9e par un utilisateur form\u00e9 et ne doit pas \u00eatre utilis\u00e9e sans surveillance.<\/p>\n","protected":false},"excerpt":{"rendered":"<p>L&rsquo;Atelier Concevoir et R\u00e9aliser en Apprenant par la Mise en Oeuvre d&rsquo;une R\u00e9flexion Utile et Efficace de l\u2019\u00c9cole R\u00e9gionale de la Deuxi\u00e8me Chance de Toulouse a pour objectif de proposer \u00e0 nos \u00e9l\u00e8ves une p\u00e9dagogie active bas\u00e9e sur la conduite de projets, individuels ou en petits groupes, en s&rsquo;appuyant sur les technologies de la mod\u00e9lisation &hellip; <\/p>\n<p class=\"link-more\"><a href=\"https:\/\/atelier-numerique-er2c-toulouse.fr\/fablab\/?page_id=42\" class=\"more-link\">Continuer la lecture<span class=\"screen-reader-text\"> de &laquo;&nbsp;Pr\u00e9sentation&nbsp;&raquo;<\/span><\/a><\/p>\n","protected":false},"author":1,"featured_media":21,"parent":0,"menu_order":0,"comment_status":"closed","ping_status":"closed","template":"","meta":[],"_links":{"self":[{"href":"https:\/\/atelier-numerique-er2c-toulouse.fr\/fablab\/index.php?rest_route=\/wp\/v2\/pages\/42"}],"collection":[{"href":"https:\/\/atelier-numerique-er2c-toulouse.fr\/fablab\/index.php?rest_route=\/wp\/v2\/pages"}],"about":[{"href":"https:\/\/atelier-numerique-er2c-toulouse.fr\/fablab\/index.php?rest_route=\/wp\/v2\/types\/page"}],"author":[{"embeddable":true,"href":"https:\/\/atelier-numerique-er2c-toulouse.fr\/fablab\/index.php?rest_route=\/wp\/v2\/users\/1"}],"replies":[{"embeddable":true,"href":"https:\/\/atelier-numerique-er2c-toulouse.fr\/fablab\/index.php?rest_route=%2Fwp%2Fv2%2Fcomments&post=42"}],"version-history":[{"count":38,"href":"https:\/\/atelier-numerique-er2c-toulouse.fr\/fablab\/index.php?rest_route=\/wp\/v2\/pages\/42\/revisions"}],"predecessor-version":[{"id":413,"href":"https:\/\/atelier-numerique-er2c-toulouse.fr\/fablab\/index.php?rest_route=\/wp\/v2\/pages\/42\/revisions\/413"}],"wp:featuredmedia":[{"embeddable":true,"href":"https:\/\/atelier-numerique-er2c-toulouse.fr\/fablab\/index.php?rest_route=\/wp\/v2\/media\/21"}],"wp:attachment":[{"href":"https:\/\/atelier-numerique-er2c-toulouse.fr\/fablab\/index.php?rest_route=%2Fwp%2Fv2%2Fmedia&parent=42"}],"curies":[{"name":"wp","href":"https:\/\/api.w.org\/{rel}","templated":true}]}}