{"id":175,"date":"2019-10-29T08:42:02","date_gmt":"2019-10-29T07:42:02","guid":{"rendered":"http:\/\/atelier-numerique-er2c-toulouse.fr\/fablab\/?page_id=175"},"modified":"2019-10-29T08:49:12","modified_gmt":"2019-10-29T07:49:12","slug":"quest-ce-quun-fablab","status":"publish","type":"page","link":"https:\/\/atelier-numerique-er2c-toulouse.fr\/fablab\/?page_id=175","title":{"rendered":"Qu&rsquo;est ce qu&rsquo;un FabLab ?"},"content":{"rendered":"\n<h1>FabLab <\/h1>\n\n\n\n<h2>Qu\u2019est-ce que le FabLab?<\/h2>\n\n\n\n<p>Un Fab Lab est un LABoratoire de FABrication o\u00f9 toute personne, \nquelque soit son niveau de connaissance, peut venir exp\u00e9rimenter, \napprendre ou fabriquer par elle-m\u00eame tous types d\u2019objets (prototype \ntechnique, meuble, objet artistique ou design, objet interactif, etc\u2026). \nPour cela chaque membre peut venir utiliser les diff\u00e9rentes machines du \nFab Lab, apprendre des autres membres ou participer aux diff\u00e9rents \nprojets collectifs.<\/p>\n\n\n\n<p>CHARTE DES FAB LABS<\/p>\n\n\n\n<p>MISSION<br>Les fab labs sont un r\u00e9seau mondial de laboratoires \nlocaux, qui rendent possible l\u2019invention en donnant aux individus acc\u00e8s \u00e0\n des outils de fabrication num\u00e9rique.<br>Acc\u00e8s : vous pouvez utiliser le\n fab lab pour fabriquer \u00e0 peu pr\u00e8s n\u2019importe quoi (d\u00e8s lors que cela ne \nnuit \u00e0 personne) ; vous devez apprendre \u00e0 le fabriquer vous-m\u00eame, et \nvous devez partager l\u2019usage du lab avec d\u2019autres usagers et \nutilisateurs.<\/p>\n\n\n\n<p>EDUCATION<br>La formation dans le fab lab s\u2019appuie sur des projets et\n l\u2019apprentissage par les pairs ; vous devez prendre part \u00e0 la \ncapitalisation des connaissances et \u00e0 l\u2019instruction des autres \nutilisateurs.<\/p>\n\n\n\n<p>RESPONSABILITE<br>vous \u00eates responsable de :<br>\u2013 La s\u00e9curit\u00e9 : savoir travailler sans mettre en danger d\u2019autres personnes ni endommager les machines,<br>\u2013 La propret\u00e9 : laisser le lab plus propre que vous ne l\u2019avez trouv\u00e9,<br>\u2013\n La continuit\u00e9 : contribuer \u00e0 entretenir et r\u00e9parer les outils, \u00e0 g\u00e9rer \nles stocks de fournitures et \u00e0 rendre compte des incidents.<\/p>\n\n\n\n<p>SECRET<br>Des concepts et les processus d\u00e9velopp\u00e9s dans les fab labs \ndoivent demeurer disponible pour un usage individuel m\u00eame si la \npropri\u00e9t\u00e9 intellectuelle peut \u00eatre prot\u00e9g\u00e9e.<\/p>\n\n\n\n<p>BUSINESS<br>Des activit\u00e9s commerciales peuvent \u00eatre initi\u00e9es dans les\n fab labs, mais elles ne doivent pas faire obstacle \u00e0 l\u2019acc\u00e8s ouvert. \nElles doivent se d\u00e9velopper au-del\u00e0 du lab plut\u00f4t qu\u2019en son sein et \nb\u00e9n\u00e9ficier \u00e0 leur tour aux inventeurs, aux labs et aux r\u00e9seaux qui ont \ncontribu\u00e9 \u00e0 leur succ\u00e8s.<\/p>\n","protected":false},"excerpt":{"rendered":"<p>FabLab Qu\u2019est-ce que le FabLab? Un Fab Lab est un LABoratoire de FABrication o\u00f9 toute personne, quelque soit son niveau de connaissance, peut venir exp\u00e9rimenter, apprendre ou fabriquer par elle-m\u00eame tous types d\u2019objets (prototype technique, meuble, objet artistique ou design, objet interactif, etc\u2026). Pour cela chaque membre peut venir utiliser les diff\u00e9rentes machines du Fab &hellip; <\/p>\n<p class=\"link-more\"><a href=\"https:\/\/atelier-numerique-er2c-toulouse.fr\/fablab\/?page_id=175\" class=\"more-link\">Continuer la lecture<span class=\"screen-reader-text\"> de &laquo;&nbsp;Qu&rsquo;est ce qu&rsquo;un FabLab ?&nbsp;&raquo;<\/span><\/a><\/p>\n","protected":false},"author":1,"featured_media":0,"parent":0,"menu_order":0,"comment_status":"closed","ping_status":"closed","template":"","meta":[],"_links":{"self":[{"href":"https:\/\/atelier-numerique-er2c-toulouse.fr\/fablab\/index.php?rest_route=\/wp\/v2\/pages\/175"}],"collection":[{"href":"https:\/\/atelier-numerique-er2c-toulouse.fr\/fablab\/index.php?rest_route=\/wp\/v2\/pages"}],"about":[{"href":"https:\/\/atelier-numerique-er2c-toulouse.fr\/fablab\/index.php?rest_route=\/wp\/v2\/types\/page"}],"author":[{"embeddable":true,"href":"https:\/\/atelier-numerique-er2c-toulouse.fr\/fablab\/index.php?rest_route=\/wp\/v2\/users\/1"}],"replies":[{"embeddable":true,"href":"https:\/\/atelier-numerique-er2c-toulouse.fr\/fablab\/index.php?rest_route=%2Fwp%2Fv2%2Fcomments&post=175"}],"version-history":[{"count":2,"href":"https:\/\/atelier-numerique-er2c-toulouse.fr\/fablab\/index.php?rest_route=\/wp\/v2\/pages\/175\/revisions"}],"predecessor-version":[{"id":180,"href":"https:\/\/atelier-numerique-er2c-toulouse.fr\/fablab\/index.php?rest_route=\/wp\/v2\/pages\/175\/revisions\/180"}],"wp:attachment":[{"href":"https:\/\/atelier-numerique-er2c-toulouse.fr\/fablab\/index.php?rest_route=%2Fwp%2Fv2%2Fmedia&parent=175"}],"curies":[{"name":"wp","href":"https:\/\/api.w.org\/{rel}","templated":true}]}}